{"id":16,"date":"2019-06-03T08:15:41","date_gmt":"2019-06-03T08:15:41","guid":{"rendered":"http:\/\/pps.jglitservice.se\/?page_id=16"},"modified":"2024-01-16T14:30:08","modified_gmt":"2024-01-16T13:30:08","slug":"startsida","status":"publish","type":"page","link":"https:\/\/old.snitz.se\/gymnasium\/","title":{"rendered":"Specialpedagogisk gymnasieutbildning"},"content":{"rendered":"","protected":false},"excerpt":{"rendered":"","protected":false},"author":1,"featured_media":0,"parent":0,"menu_order":0,"comment_status":"closed","ping_status":"closed","template":"","meta":{"footnotes":""},"acf":[],"yoast_head":"\nSpecialpedagogisk gymnasieutbildning - Snitz Gymnasium<\/title>\n<meta name=\"description\" content=\"Snitz Gymnasium \u00e4r en resursskola f\u00f6r dig som efterfr\u00e5gar en specialpedagogisk gymnasieutbildning. Med anpassad pedagogik f\u00e5r du st\u00f6d i undervisningen.\" \/>\n<meta name=\"robots\" content=\"index, follow, max-snippet:-1, max-image-preview:large, max-video-preview:-1\" \/>\n<link rel=\"canonical\" href=\"https:\/\/old.snitz.se\/gymnasium\/\" \/>\n<meta property=\"og:locale\" content=\"sv_SE\" \/>\n<meta property=\"og:type\" content=\"article\" \/>\n<meta property=\"og:title\" content=\"Specialpedagogisk gymnasieutbildning - Snitz Gymnasium\" \/>\n<meta property=\"og:description\" content=\"Snitz Gymnasium \u00e4r en resursskola f\u00f6r dig som efterfr\u00e5gar en specialpedagogisk gymnasieutbildning. Med anpassad pedagogik f\u00e5r du st\u00f6d i undervisningen.\" \/>\n<meta property=\"og:url\" content=\"https:\/\/old.snitz.se\/gymnasium\/\" \/>\n<meta property=\"og:site_name\" content=\"Snitz Gymnasium\" \/>\n<meta property=\"article:modified_time\" content=\"2024-01-16T13:30:08+00:00\" \/>\n<meta name=\"twitter:card\" content=\"summary_large_image\" \/>\n<script type=\"application\/ld+json\" class=\"yoast-schema-graph\">{\"@context\":\"https:\/\/schema.org\",\"@graph\":[{\"@type\":\"WebPage\",\"@id\":\"https:\/\/old.snitz.se\/gymnasium\/\",\"url\":\"https:\/\/old.snitz.se\/gymnasium\/\",\"name\":\"Specialpedagogisk gymnasieutbildning - Snitz Gymnasium\",\"isPartOf\":{\"@id\":\"https:\/\/old.snitz.se\/gymnasium\/#website\"},\"datePublished\":\"2019-06-03T08:15:41+00:00\",\"dateModified\":\"2024-01-16T13:30:08+00:00\",\"description\":\"Snitz Gymnasium \u00e4r en resursskola f\u00f6r dig som efterfr\u00e5gar en specialpedagogisk gymnasieutbildning. Med anpassad pedagogik f\u00e5r du st\u00f6d i undervisningen.\",\"breadcrumb\":{\"@id\":\"https:\/\/old.snitz.se\/gymnasium\/#breadcrumb\"},\"inLanguage\":\"sv-SE\",\"potentialAction\":[{\"@type\":\"ReadAction\",\"target\":[\"https:\/\/old.snitz.se\/gymnasium\/\"]}]},{\"@type\":\"BreadcrumbList\",\"@id\":\"https:\/\/old.snitz.se\/gymnasium\/#breadcrumb\",\"itemListElement\":[{\"@type\":\"ListItem\",\"position\":1,\"name\":\"Home\",\"item\":\"https:\/\/old.snitz.se\/gymnasium\/\"},{\"@type\":\"ListItem\",\"position\":2,\"name\":\"Specialpedagogisk gymnasieutbildning\"}]},{\"@type\":\"WebSite\",\"@id\":\"https:\/\/old.snitz.se\/gymnasium\/#website\",\"url\":\"https:\/\/old.snitz.se\/gymnasium\/\",\"name\":\"Snitz Gymnasium\",\"description\":\"Skolor med individuellt anpassad utbildning\",\"potentialAction\":[{\"@type\":\"SearchAction\",\"target\":{\"@type\":\"EntryPoint\",\"urlTemplate\":\"https:\/\/old.snitz.se\/gymnasium\/?s={search_term_string}\"},\"query-input\":\"required name=search_term_string\"}],\"inLanguage\":\"sv-SE\"}]}<\/script>\n<!-- \/ Yoast SEO plugin. -->","yoast_head_json":{"title":"Specialpedagogisk gymnasieutbildning - Snitz Gymnasium","description":"Snitz Gymnasium \u00e4r en resursskola f\u00f6r dig som efterfr\u00e5gar en specialpedagogisk gymnasieutbildning. Med anpassad pedagogik f\u00e5r du st\u00f6d i undervisningen.","robots":{"index":"index","follow":"follow","max-snippet":"max-snippet:-1","max-image-preview":"max-image-preview:large","max-video-preview":"max-video-preview:-1"},"canonical":"https:\/\/old.snitz.se\/gymnasium\/","og_locale":"sv_SE","og_type":"article","og_title":"Specialpedagogisk gymnasieutbildning - Snitz Gymnasium","og_description":"Snitz Gymnasium \u00e4r en resursskola f\u00f6r dig som efterfr\u00e5gar en specialpedagogisk gymnasieutbildning. Med anpassad pedagogik f\u00e5r du st\u00f6d i undervisningen.","og_url":"https:\/\/old.snitz.se\/gymnasium\/","og_site_name":"Snitz Gymnasium","article_modified_time":"2024-01-16T13:30:08+00:00","twitter_card":"summary_large_image","schema":{"@context":"https:\/\/schema.org","@graph":[{"@type":"WebPage","@id":"https:\/\/old.snitz.se\/gymnasium\/","url":"https:\/\/old.snitz.se\/gymnasium\/","name":"Specialpedagogisk gymnasieutbildning - Snitz Gymnasium","isPartOf":{"@id":"https:\/\/old.snitz.se\/gymnasium\/#website"},"datePublished":"2019-06-03T08:15:41+00:00","dateModified":"2024-01-16T13:30:08+00:00","description":"Snitz Gymnasium \u00e4r en resursskola f\u00f6r dig som efterfr\u00e5gar en specialpedagogisk gymnasieutbildning. Med anpassad pedagogik f\u00e5r du st\u00f6d i undervisningen.","breadcrumb":{"@id":"https:\/\/old.snitz.se\/gymnasium\/#breadcrumb"},"inLanguage":"sv-SE","potentialAction":[{"@type":"ReadAction","target":["https:\/\/old.snitz.se\/gymnasium\/"]}]},{"@type":"BreadcrumbList","@id":"https:\/\/old.snitz.se\/gymnasium\/#breadcrumb","itemListElement":[{"@type":"ListItem","position":1,"name":"Home","item":"https:\/\/old.snitz.se\/gymnasium\/"},{"@type":"ListItem","position":2,"name":"Specialpedagogisk gymnasieutbildning"}]},{"@type":"WebSite","@id":"https:\/\/old.snitz.se\/gymnasium\/#website","url":"https:\/\/old.snitz.se\/gymnasium\/","name":"Snitz Gymnasium","description":"Skolor med individuellt anpassad utbildning","potentialAction":[{"@type":"SearchAction","target":{"@type":"EntryPoint","urlTemplate":"https:\/\/old.snitz.se\/gymnasium\/?s={search_term_string}"},"query-input":"required name=search_term_string"}],"inLanguage":"sv-SE"}]}},"_links":{"self":[{"href":"https:\/\/old.snitz.se\/gymnasium\/wp-json\/wp\/v2\/pages\/16"}],"collection":[{"href":"https:\/\/old.snitz.se\/gymnasium\/wp-json\/wp\/v2\/pages"}],"about":[{"href":"https:\/\/old.snitz.se\/gymnasium\/wp-json\/wp\/v2\/types\/page"}],"author":[{"embeddable":true,"href":"https:\/\/old.snitz.se\/gymnasium\/wp-json\/wp\/v2\/users\/1"}],"replies":[{"embeddable":true,"href":"https:\/\/old.snitz.se\/gymnasium\/wp-json\/wp\/v2\/comments?post=16"}],"version-history":[{"count":102,"href":"https:\/\/old.snitz.se\/gymnasium\/wp-json\/wp\/v2\/pages\/16\/revisions"}],"predecessor-version":[{"id":1493,"href":"https:\/\/old.snitz.se\/gymnasium\/wp-json\/wp\/v2\/pages\/16\/revisions\/1493"}],"wp:attachment":[{"href":"https:\/\/old.snitz.se\/gymnasium\/wp-json\/wp\/v2\/media?parent=16"}],"curies":[{"name":"wp","href":"https:\/\/api.w.org\/{rel}","templated":true}]}}